{"id":94,"date":"2023-07-19T07:56:54","date_gmt":"2023-07-19T07:56:54","guid":{"rendered":"http:\/\/dafgorliczyna.pl\/?page_id=94"},"modified":"2024-08-27T09:38:01","modified_gmt":"2024-08-27T09:38:01","slug":"dla-rodzica","status":"publish","type":"page","link":"https:\/\/dafgorliczyna.pl\/index.php\/dla-rodzica\/","title":{"rendered":"Dla rodzica"},"content":{"rendered":"\t\t<div data-elementor-type=\"wp-page\" data-elementor-id=\"94\" class=\"elementor elementor-94\">\n\t\t\t\t\t\t<section class=\"elementor-section elementor-top-section elementor-element elementor-element-d7adeab elementor-section-boxed elementor-section-height-default elementor-section-height-default\" data-id=\"d7adeab\" data-element_type=\"section\" data-e-type=\"section\">\n\t\t\t\t\t\t<div class=\"elementor-container elementor-column-gap-default\">\n\t\t\t\t\t<div class=\"elementor-column elementor-col-100 elementor-top-column elementor-element elementor-element-5e07df6\" data-id=\"5e07df6\" data-element_type=\"column\" data-e-type=\"column\">\n\t\t\t<div class=\"elementor-widget-wrap elementor-element-populated\">\n\t\t\t\t\t\t<div class=\"elementor-element elementor-element-87d114e elementor-align-center elementor-widget elementor-widget-button\" data-id=\"87d114e\" data-element_type=\"widget\" data-e-type=\"widget\" data-widget_type=\"button.default\">\n\t\t\t\t<div class=\"elementor-widget-container\">\n\t\t\t\t\t\t\t\t\t<div class=\"elementor-button-wrapper\">\n\t\t\t\t\t<a class=\"elementor-button elementor-button-link elementor-size-sm\" href=\"https:\/\/dafgorliczyna.pl\/wp-content\/uploads\/2023\/07\/Deklaracja-DAF-Gorliczyna-1.docx\">\n\t\t\t\t\t\t<span class=\"elementor-button-content-wrapper\">\n\t\t\t\t\t\t\t\t\t<span class=\"elementor-button-text\">Deklaracja DAF<\/span>\n\t\t\t\t\t<\/span>\n\t\t\t\t\t<\/a>\n\t\t\t\t<\/div>\n\t\t\t\t\t\t\t\t<\/div>\n\t\t\t\t<\/div>\n\t\t\t\t<div class=\"elementor-element elementor-element-8ae368a elementor-align-center elementor-widget elementor-widget-button\" data-id=\"8ae368a\" data-element_type=\"widget\" data-e-type=\"widget\" data-widget_type=\"button.default\">\n\t\t\t\t<div class=\"elementor-widget-container\">\n\t\t\t\t\t\t\t\t\t<div class=\"elementor-button-wrapper\">\n\t\t\t\t\t<a class=\"elementor-button elementor-button-link elementor-size-sm\" href=\"https:\/\/dafgorliczyna.pl\/wp-content\/uploads\/2023\/07\/Regulamin-Rodzica-DAF-Gorliczyna.docx\">\n\t\t\t\t\t\t<span class=\"elementor-button-content-wrapper\">\n\t\t\t\t\t\t\t\t\t<span class=\"elementor-button-text\">Regulamin rodzica<\/span>\n\t\t\t\t\t<\/span>\n\t\t\t\t\t<\/a>\n\t\t\t\t<\/div>\n\t\t\t\t\t\t\t\t<\/div>\n\t\t\t\t<\/div>\n\t\t\t\t<div class=\"elementor-element elementor-element-098f33b elementor-align-center elementor-widget elementor-widget-button\" data-id=\"098f33b\" data-element_type=\"widget\" data-e-type=\"widget\" data-widget_type=\"button.default\">\n\t\t\t\t<div class=\"elementor-widget-container\">\n\t\t\t\t\t\t\t\t\t<div class=\"elementor-button-wrapper\">\n\t\t\t\t\t<a class=\"elementor-button elementor-button-link elementor-size-sm\" href=\"https:\/\/dafgorliczyna.pl\/wp-content\/uploads\/2023\/07\/Regulamin-Stowarzyszenia-DAF-Gorliczyna.docx\">\n\t\t\t\t\t\t<span class=\"elementor-button-content-wrapper\">\n\t\t\t\t\t\t\t\t\t<span class=\"elementor-button-text\">Regulamin DAF<\/span>\n\t\t\t\t\t<\/span>\n\t\t\t\t\t<\/a>\n\t\t\t\t<\/div>\n\t\t\t\t\t\t\t\t<\/div>\n\t\t\t\t<\/div>\n\t\t\t\t<div class=\"elementor-element elementor-element-ccd2fb9 elementor-align-center elementor-widget elementor-widget-button\" data-id=\"ccd2fb9\" data-element_type=\"widget\" data-e-type=\"widget\" data-widget_type=\"button.default\">\n\t\t\t\t<div class=\"elementor-widget-container\">\n\t\t\t\t\t\t\t\t\t<div class=\"elementor-button-wrapper\">\n\t\t\t\t\t<a class=\"elementor-button elementor-button-link elementor-size-sm\" href=\"https:\/\/dafgorliczyna.pl\/wp-content\/uploads\/2023\/07\/karta-zdrowia-podwojna.doc\">\n\t\t\t\t\t\t<span class=\"elementor-button-content-wrapper\">\n\t\t\t\t\t\t\t\t\t<span class=\"elementor-button-text\">Karta zdrowia - DOC<\/span>\n\t\t\t\t\t<\/span>\n\t\t\t\t\t<\/a>\n\t\t\t\t<\/div>\n\t\t\t\t\t\t\t\t<\/div>\n\t\t\t\t<\/div>\n\t\t\t\t<div class=\"elementor-element elementor-element-6e4d4e3 elementor-align-center elementor-widget elementor-widget-button\" data-id=\"6e4d4e3\" data-element_type=\"widget\" data-e-type=\"widget\" data-widget_type=\"button.default\">\n\t\t\t\t<div class=\"elementor-widget-container\">\n\t\t\t\t\t\t\t\t\t<div class=\"elementor-button-wrapper\">\n\t\t\t\t\t<a class=\"elementor-button elementor-button-link elementor-size-sm\" href=\"https:\/\/dafgorliczyna.pl\/wp-content\/uploads\/2023\/08\/Karta-Zdrowia-PDF.pdf\">\n\t\t\t\t\t\t<span class=\"elementor-button-content-wrapper\">\n\t\t\t\t\t\t\t\t\t<span class=\"elementor-button-text\">Karta zdrowia - PDF<\/span>\n\t\t\t\t\t<\/span>\n\t\t\t\t\t<\/a>\n\t\t\t\t<\/div>\n\t\t\t\t\t\t\t\t<\/div>\n\t\t\t\t<\/div>\n\t\t\t\t<div class=\"elementor-element elementor-element-f1be7e8 elementor-align-center elementor-widget elementor-widget-button\" data-id=\"f1be7e8\" data-element_type=\"widget\" data-e-type=\"widget\" data-widget_type=\"button.default\">\n\t\t\t\t<div class=\"elementor-widget-container\">\n\t\t\t\t\t\t\t\t\t<div class=\"elementor-button-wrapper\">\n\t\t\t\t\t<a class=\"elementor-button elementor-button-link elementor-size-sm\" href=\"https:\/\/dafgorliczyna.pl\/wp-content\/uploads\/2023\/08\/Oswiadczenie-Rodzica.pdf\">\n\t\t\t\t\t\t<span class=\"elementor-button-content-wrapper\">\n\t\t\t\t\t\t\t\t\t<span class=\"elementor-button-text\">O\u015bwiadczenie rodzica<\/span>\n\t\t\t\t\t<\/span>\n\t\t\t\t\t<\/a>\n\t\t\t\t<\/div>\n\t\t\t\t\t\t\t\t<\/div>\n\t\t\t\t<\/div>\n\t\t\t\t\t<\/div>\n\t\t<\/div>\n\t\t\t\t\t<\/div>\n\t\t<\/section>\n\t\t\t\t<section class=\"elementor-section elementor-top-section elementor-element elementor-element-f9b5da0 elementor-section-boxed elementor-section-height-default elementor-section-height-default\" data-id=\"f9b5da0\" data-element_type=\"section\" data-e-type=\"section\">\n\t\t\t\t\t\t<div class=\"elementor-container elementor-column-gap-default\">\n\t\t\t\t\t<div class=\"elementor-column elementor-col-100 elementor-top-column elementor-element elementor-element-70d708f\" data-id=\"70d708f\" data-element_type=\"column\" data-e-type=\"column\">\n\t\t\t<div class=\"elementor-widget-wrap elementor-element-populated\">\n\t\t\t\t\t\t<div class=\"elementor-element elementor-element-dd1f1d8 elementor-widget elementor-widget-text-editor\" data-id=\"dd1f1d8\" data-element_type=\"widget\" data-e-type=\"widget\" data-widget_type=\"text-editor.default\">\n\t\t\t\t<div class=\"elementor-widget-container\">\n\t\t\t\t\t\t\t\t\t<p><span style=\"color: #000000; font-family: Inter, sans-serif; font-size: 40px; font-weight: bold; background-color: #f8f9fa;\">Instrukcja rejestracji zawodnika w\u00a0klubie pi\u0142karskim<\/span><\/p><p><a href=\"https:\/\/dafgorliczyna.pl\/wp-content\/uploads\/2024\/08\/Instrukcja-mZawodnik-1.pdf\">Pobierz instrukcj\u0119 rejestracji zawodnika<\/a><\/p>\t\t\t\t\t\t\t\t<\/div>\n\t\t\t\t<\/div>\n\t\t\t\t\t<\/div>\n\t\t<\/div>\n\t\t\t\t\t<\/div>\n\t\t<\/section>\n\t\t\t\t<section class=\"elementor-section elementor-top-section elementor-element elementor-element-9ea251e elementor-section-boxed elementor-section-height-default elementor-section-height-default\" data-id=\"9ea251e\" data-element_type=\"section\" data-e-type=\"section\">\n\t\t\t\t\t\t<div class=\"elementor-container elementor-column-gap-default\">\n\t\t\t\t\t<div class=\"elementor-column elementor-col-100 elementor-top-column elementor-element elementor-element-0f8aee7\" data-id=\"0f8aee7\" data-element_type=\"column\" data-e-type=\"column\">\n\t\t\t<div class=\"elementor-widget-wrap elementor-element-populated\">\n\t\t\t\t\t\t<div class=\"elementor-element elementor-element-3b8d547 elementor-widget elementor-widget-image\" data-id=\"3b8d547\" data-element_type=\"widget\" data-e-type=\"widget\" data-widget_type=\"image.default\">\n\t\t\t\t<div class=\"elementor-widget-container\">\n\t\t\t\t\t\t\t\t\t\t\t\t\t\t\t<img decoding=\"async\" src=\"https:\/\/dafgorliczyna.pl\/wp-content\/uploads\/2024\/08\/Instrukcja-mZawodnik.pdf\" title=\"\" alt=\"\" loading=\"lazy\" \/>\t\t\t\t\t\t\t\t\t\t\t\t\t\t\t<\/div>\n\t\t\t\t<\/div>\n\t\t\t\t\t<\/div>\n\t\t<\/div>\n\t\t\t\t\t<\/div>\n\t\t<\/section>\n\t\t\t\t<section class=\"elementor-section elementor-top-section elementor-element elementor-element-80b3279 elementor-section-boxed elementor-section-height-default elementor-section-height-default\" data-id=\"80b3279\" data-element_type=\"section\" data-e-type=\"section\">\n\t\t\t\t\t\t<div class=\"elementor-container elementor-column-gap-default\">\n\t\t\t\t\t<div class=\"elementor-column elementor-col-100 elementor-top-column elementor-element elementor-element-6f5b997\" data-id=\"6f5b997\" data-element_type=\"column\" data-e-type=\"column\">\n\t\t\t<div class=\"elementor-widget-wrap elementor-element-populated\">\n\t\t\t\t\t\t<div class=\"elementor-element elementor-element-a064f07 elementor-widget elementor-widget-video\" data-id=\"a064f07\" data-element_type=\"widget\" data-e-type=\"widget\" data-settings=\"{&quot;youtube_url&quot;:&quot;https:\\\/\\\/www.youtube.com\\\/watch?v=NHDnn2fq89U&amp;t=24s&quot;,&quot;video_type&quot;:&quot;youtube&quot;,&quot;controls&quot;:&quot;yes&quot;}\" data-widget_type=\"video.default\">\n\t\t\t\t<div class=\"elementor-widget-container\">\n\t\t\t\t\t\t\t<div class=\"elementor-wrapper elementor-open-inline\">\n\t\t\t<div class=\"elementor-video\"><\/div>\t\t<\/div>\n\t\t\t\t\t\t<\/div>\n\t\t\t\t<\/div>\n\t\t\t\t\t<\/div>\n\t\t<\/div>\n\t\t\t\t\t<\/div>\n\t\t<\/section>\n\t\t\t\t<section class=\"elementor-section elementor-top-section elementor-element elementor-element-253fd19 elementor-section-boxed elementor-section-height-default elementor-section-height-default\" data-id=\"253fd19\" data-element_type=\"section\" data-e-type=\"section\">\n\t\t\t\t\t\t<div class=\"elementor-container elementor-column-gap-default\">\n\t\t\t\t\t<div class=\"elementor-column elementor-col-100 elementor-top-column elementor-element elementor-element-40a88cc\" data-id=\"40a88cc\" data-element_type=\"column\" data-e-type=\"column\">\n\t\t\t<div class=\"elementor-widget-wrap elementor-element-populated\">\n\t\t\t\t\t\t<div class=\"elementor-element elementor-element-de4d0a3 elementor-widget elementor-widget-heading\" data-id=\"de4d0a3\" data-element_type=\"widget\" data-e-type=\"widget\" data-widget_type=\"heading.default\">\n\t\t\t\t<div class=\"elementor-widget-container\">\n\t\t\t\t\t<h2 class=\"elementor-heading-title elementor-size-default\">Op\u0142aty<\/h2>\t\t\t\t<\/div>\n\t\t\t\t<\/div>\n\t\t\t\t\t<\/div>\n\t\t<\/div>\n\t\t\t\t\t<\/div>\n\t\t<\/section>\n\t\t\t\t<section class=\"elementor-section elementor-top-section elementor-element elementor-element-8709abb elementor-section-boxed elementor-section-height-default elementor-section-height-default\" data-id=\"8709abb\" data-element_type=\"section\" data-e-type=\"section\">\n\t\t\t\t\t\t<div class=\"elementor-container elementor-column-gap-default\">\n\t\t\t\t\t<div class=\"elementor-column elementor-col-100 elementor-top-column elementor-element elementor-element-f371135\" data-id=\"f371135\" data-element_type=\"column\" data-e-type=\"column\">\n\t\t\t<div class=\"elementor-widget-wrap elementor-element-populated\">\n\t\t\t\t\t\t<div class=\"elementor-element elementor-element-b528d41 elementor-widget elementor-widget-text-editor\" data-id=\"b528d41\" data-element_type=\"widget\" data-e-type=\"widget\" data-widget_type=\"text-editor.default\">\n\t\t\t\t<div class=\"elementor-widget-container\">\n\t\t\t\t\t\t\t\t\t<p>P\u0142atno\u015bci nale\u017cy dokonywa\u0107 do 10 dnia ka\u017cdego miesi\u0105ca (za miesi\u0105c z g\u00f3ry) na konto Dzieci\u0119cej Akademii Futbolu.<\/p><p>Op\u0142ata sk\u0142adki w wysoko\u015bci 100 z\u0142 miesi\u0119cznie<\/p><p>Je\u017celi jest dwoje dzieci to sk\u0142adka wynosi po 90 z\u0142 od dziecka<\/p><p>Natomiast dla trzech i wi\u0119cej sk\u0142adka wynosi po 80 z\u0142 od dziecka\u00a0<\/p><p>Dane do przelewu bankowego:<\/p><p><strong>ODBIORCA<\/strong>: Stowarzyszenie Dzieci\u0119ca Akademia Futbolu Gorliczyna, Gorliczyna, 37-200 Przeworsk, NIP: 794-18-27-600, REGON: 383-88-85-66<\/p><p><strong>TYTU\u0141 PRZELEWU<\/strong>: ,,Sk\u0142adka cz\u0142onkowska za miesi\u0105c (wpisa\u0107 dany miesi\u0105c), imi\u0119 i nazwisko dziecka, grupa treningowa\u201d ( przyk\u0142ad: Sk\u0142adka cz\u0142onkowska za miesi\u0105c stycze\u0144, Jan Kowalski,<\/p><p><strong>NUMER RACHUNKU BANKOWEGO<\/strong>: Bank Sp\u00f3\u0142dzielczy w Jaros\u0142awiu: <strong>81 9096 0004 2010 0081 6294 0001<\/strong><\/p>\t\t\t\t\t\t\t\t<\/div>\n\t\t\t\t<\/div>\n\t\t\t\t\t<\/div>\n\t\t<\/div>\n\t\t\t\t\t<\/div>\n\t\t<\/section>\n\t\t\t\t<\/div>\n\t\t","protected":false},"excerpt":{"rendered":"<p>Deklaracja DAF Regulamin rodzica Regulamin DAF Karta zdrowia &#8211; DOC Karta zdrowia &#8211; PDF O\u015bwiadczenie rodzica Instrukcja rejestracji zawodnika w\u00a0klubie pi\u0142karskim Pobierz instrukcj\u0119 rejestracji zawodnika Op\u0142aty P\u0142atno\u015bci nale\u017cy dokonywa\u0107 do [&hellip;]<\/p>\n","protected":false},"author":1,"featured_media":0,"parent":0,"menu_order":0,"comment_status":"closed","ping_status":"closed","template":"","meta":{"footnotes":""},"class_list":["post-94","page","type-page","status-publish","hentry"],"_links":{"self":[{"href":"https:\/\/dafgorliczyna.pl\/index.php\/wp-json\/wp\/v2\/pages\/94","targetHints":{"allow":["GET"]}}],"collection":[{"href":"https:\/\/dafgorliczyna.pl\/index.php\/wp-json\/wp\/v2\/pages"}],"about":[{"href":"https:\/\/dafgorliczyna.pl\/index.php\/wp-json\/wp\/v2\/types\/page"}],"author":[{"embeddable":true,"href":"https:\/\/dafgorliczyna.pl\/index.php\/wp-json\/wp\/v2\/users\/1"}],"replies":[{"embeddable":true,"href":"https:\/\/dafgorliczyna.pl\/index.php\/wp-json\/wp\/v2\/comments?post=94"}],"version-history":[{"count":64,"href":"https:\/\/dafgorliczyna.pl\/index.php\/wp-json\/wp\/v2\/pages\/94\/revisions"}],"predecessor-version":[{"id":1389,"href":"https:\/\/dafgorliczyna.pl\/index.php\/wp-json\/wp\/v2\/pages\/94\/revisions\/1389"}],"wp:attachment":[{"href":"https:\/\/dafgorliczyna.pl\/index.php\/wp-json\/wp\/v2\/media?parent=94"}],"curies":[{"name":"wp","href":"https:\/\/api.w.org\/{rel}","templated":true}]}}