{"id":115,"date":"2023-07-19T08:14:37","date_gmt":"2023-07-19T08:14:37","guid":{"rendered":"http:\/\/dafgorliczyna.pl\/?page_id=115"},"modified":"2023-07-21T21:31:16","modified_gmt":"2023-07-21T21:31:16","slug":"trenerzy","status":"publish","type":"page","link":"https:\/\/dafgorliczyna.pl\/index.php\/trenerzy\/","title":{"rendered":"Trenerzy"},"content":{"rendered":"<p><\/p>\r\n<p style=\"text-align: left;\"><strong>Trener DAF Gorliczyna Grupa Skrzat\/\u017bak<\/strong><\/p>\r\n<p><img fetchpriority=\"high\" decoding=\"async\" class=\"wp-image-241 alignleft\" src=\"https:\/\/dafgorliczyna.pl\/wp-content\/uploads\/2023\/07\/zdj-1-1024x682.jpg\" alt=\"\" width=\"486\" height=\"323\" srcset=\"https:\/\/dafgorliczyna.pl\/wp-content\/uploads\/2023\/07\/zdj-1-1024x682.jpg 1024w, https:\/\/dafgorliczyna.pl\/wp-content\/uploads\/2023\/07\/zdj-1-300x200.jpg 300w, https:\/\/dafgorliczyna.pl\/wp-content\/uploads\/2023\/07\/zdj-1-768x511.jpg 768w, https:\/\/dafgorliczyna.pl\/wp-content\/uploads\/2023\/07\/zdj-1-1536x1022.jpg 1536w, https:\/\/dafgorliczyna.pl\/wp-content\/uploads\/2023\/07\/zdj-1.jpg 1600w\" sizes=\"(max-width: 486px) 100vw, 486px\" \/><\/p>\r\n<p>\r\n\r\n<\/p>\r\n<p><strong>Imi\u0119:<\/strong> \u0141ukasz<\/p>\r\n<p><strong>Nazwisko:<\/strong> Kaniuch<\/p>\r\n<p><strong>Wiek:<\/strong> 42 lata<\/p>\r\n<p><strong>Poprzednie kluby w kt\u00f3rych gra\u0142em:<\/strong><\/p>\r\n<p>\u017buraw \u017burawiczki , Promyk Urzejowice<\/p>\r\n<p><strong>Poprzednie kluby jakie trenowa\u0142em:<\/strong> \u017buraw \u017burawiczki (trampkarze, juniorzy m\u0142odsi, juniorzy starsi, seniorzy)<\/p>\r\n<p><strong>Grupa kt\u00f3r\u0105 aktualnie trenuj\u0119:<\/strong> DAF Gorliczyna \u2013 Grupa Skrzat\/\u017bak<\/p>\r\n<p><strong>Uprawnienia: <\/strong>Licencja Grassroots C\u00a0<\/p>\r\n<p>&nbsp;<\/p>\r\n<p style=\"text-align: left;\"><strong>Trener DAF Gorliczyna Grupa Orlik<\/strong><\/p>\r\n<p><img decoding=\"async\" class=\"alignleft\" src=\"https:\/\/dafgorliczyna.pl\/wp-content\/uploads\/2023\/07\/image-1.png\" alt=\"\" width=\"490\" height=\"295\" \/><\/p>\r\n<p>\r\n\r\n\r\n\r\n<\/p>\r\n<p><strong>Imi\u0119:<\/strong> Rafa\u0142<\/p>\r\n<p>\r\n\r\n<\/p>\r\n<p><strong>Nazwisko:<\/strong> Kuca<\/p>\r\n<p>\r\n\r\n<\/p>\r\n<p><strong>Wiek:<\/strong> 43 lat<\/p>\r\n<p><strong>Poprzednie kluby w kt\u00f3rych gra\u0142em: <\/strong>Orze\u0142 Przeworsk, Gorliczanka Gorliczyna, B\u0142\u0119kitni Ma\u0107k\u00f3wka, \u017buraw \u017burawiczki, B\u0142yskawica Rozb\u00f3rz, Zorza Jagie\u0142\u0142a, Cresovia Krzeczowice<\/p>\r\n<p>\r\n\r\n<\/p>\r\n<p><strong>Poprzednie kluby jako trener:<\/strong> B\u0142\u0119kitni Ma\u0107k\u00f3wka, \u017buraw \u017burawiczki<\/p>\r\n<p>\r\n\r\n<\/p>\r\n<p><strong>Grupa w DAF-ie:<\/strong> DAF Gorliczyna &#8211; Orlik M\u0142odszy<\/p>\r\n<p><strong>Uprawnienia: <\/strong>Licencja Grassroots C\u00a0<\/p>\r\n<p>\r\n\r\n<\/p>\r\n<p>\r\n\r\n<\/p>\r\n<p>&nbsp;<\/p>\r\n<p><strong>Trener DAF Gorliczyna Grupa Trampkarz m\u0142odszy<\/strong><\/p>\r\n<p><img decoding=\"async\" class=\" wp-image-135 alignleft\" src=\"https:\/\/dafgorliczyna.pl\/wp-content\/uploads\/2023\/07\/image-2-1024x473.png\" alt=\"\" width=\"493\" height=\"228\" srcset=\"https:\/\/dafgorliczyna.pl\/wp-content\/uploads\/2023\/07\/image-2-1024x473.png 1024w, https:\/\/dafgorliczyna.pl\/wp-content\/uploads\/2023\/07\/image-2-300x139.png 300w, https:\/\/dafgorliczyna.pl\/wp-content\/uploads\/2023\/07\/image-2-768x355.png 768w, https:\/\/dafgorliczyna.pl\/wp-content\/uploads\/2023\/07\/image-2-1536x710.png 1536w, https:\/\/dafgorliczyna.pl\/wp-content\/uploads\/2023\/07\/image-2.png 1600w\" sizes=\"(max-width: 493px) 100vw, 493px\" \/><\/p>\r\n<p>\r\n\r\n\r\n\r\n<\/p>\r\n<p><strong>Imi\u0119:<\/strong> Micha\u0142<\/p>\r\n<p><strong>Nazwisko:<\/strong> Wi\u015bniowski<\/p>\r\n<p>\r\n\r\n<\/p>\r\n<p>\r\n\r\n<\/p>\r\n<p><strong>Wiek:<\/strong> 44 lata<\/p>\r\n<p>\r\n\r\n<\/p>\r\n<p><strong>Poprzednie kluby w kt\u00f3rych gra\u0142em:<\/strong><\/p>\r\n<p>\r\n\r\n<\/p>\r\n<p>B\u0142\u0119kitni Grz\u0119ska (juniorzy, p\u00f3\u017aniej seniorzy), Czuwaj Przemy\u015bl, Syrenka Ro\u017awienica, B\u0142\u0119kitni Ma\u0107k\u00f3wka, Gorliczanka Gorliczyna,\u00a0 B\u0142yskawica Rozb\u00f3rz, \u017buraw \u017burawiczki.<\/p>\r\n<p dir=\"auto\"><strong>Poprzednie kluby jakie trenowa\u0142em:<\/strong><\/p>\r\n<p dir=\"auto\">B\u0142\u0119kitni Grz\u0119ska (juniorzy), Gorliczanka Gorliczyna (seniorzy), B\u0142yskawica Rozb\u00f3rz (seniorzy), \u017buraw \u017burawiczki (seniorzy), Perfekt Przeworsk (trampkarze), Gorliczanka Gorliczyna (juniorzy), DAF Gorliczyna (m\u0142odzik, aktualnie trampkarze)<\/p>\r\n<p>\r\n\r\n<\/p>\r\n<p><strong>Grupa kt\u00f3r\u0105 aktualnie trenuj\u0119: <\/strong>DAF Gorliczyna &#8211; trampkarz m\u0142odszy<\/p>\r\n<p>\r\n\r\n<\/p>\r\n<p><strong>Uprawnienia: <\/strong>Licencja UEFA B\u00a0<\/p>\r\n<p>&nbsp;<\/p>\r\n<p><strong>Trener Gorliczanka Gorliczyna Juniorzy Starsi<\/strong><\/p>\r\n<p><img loading=\"lazy\" decoding=\"async\" class=\" wp-image-329 alignleft\" src=\"https:\/\/dafgorliczyna.pl\/wp-content\/uploads\/2023\/07\/353386778_753779303214051_1259016577683413811_n-1024x473.jpg\" alt=\"\" width=\"494\" height=\"228\" srcset=\"https:\/\/dafgorliczyna.pl\/wp-content\/uploads\/2023\/07\/353386778_753779303214051_1259016577683413811_n-1024x473.jpg 1024w, https:\/\/dafgorliczyna.pl\/wp-content\/uploads\/2023\/07\/353386778_753779303214051_1259016577683413811_n-300x139.jpg 300w, https:\/\/dafgorliczyna.pl\/wp-content\/uploads\/2023\/07\/353386778_753779303214051_1259016577683413811_n-768x355.jpg 768w, https:\/\/dafgorliczyna.pl\/wp-content\/uploads\/2023\/07\/353386778_753779303214051_1259016577683413811_n-1536x710.jpg 1536w, https:\/\/dafgorliczyna.pl\/wp-content\/uploads\/2023\/07\/353386778_753779303214051_1259016577683413811_n-2048x946.jpg 2048w, https:\/\/dafgorliczyna.pl\/wp-content\/uploads\/2023\/07\/353386778_753779303214051_1259016577683413811_n-scaled.jpg 1600w\" sizes=\"(max-width: 494px) 100vw, 494px\" \/><\/p>\r\n<p>\r\n\r\n<\/p>\r\n<p>\r\n\r\n<\/p>\r\n<p><strong>Imi\u0119:<\/strong> Rados\u0142aw<\/p>\r\n<p>\r\n\r\n<\/p>\r\n<p><strong>Nazwisko:<\/strong> Str\u0105czek<\/p>\r\n<p>\r\n\r\n<\/p>\r\n<p><strong>Wiek:<\/strong>\u00a0<\/p>\r\n<p><strong>Poprzednie kluby w kt\u00f3rych gra\u0142em:\u00a0<\/strong><\/p>\r\n<p>\r\n\r\n<\/p>\r\n<p><strong>Poprzednie kluby jako trener:<\/strong>\u00a0<\/p>\r\n<p>\r\n\r\n<\/p>\r\n<p><strong>Grupa : Juniorzy Starsi<\/strong><\/p>\r\n<p><strong>Uprawnienia: <\/strong>Licencja Grassroots C\u00a0<\/p>\r\n<p>&nbsp;<\/p>\r\n<p style=\"text-align: left;\"><strong>Trener Gorliczanka Gorliczyna Seniorzy<\/strong><\/p>\r\n<p><img loading=\"lazy\" decoding=\"async\" class=\" wp-image-350 alignleft\" src=\"https:\/\/dafgorliczyna.pl\/wp-content\/uploads\/2023\/07\/355651578_837233754632366_8442132195297071304_n-1024x684.jpg\" alt=\"\" width=\"494\" height=\"330\" srcset=\"https:\/\/dafgorliczyna.pl\/wp-content\/uploads\/2023\/07\/355651578_837233754632366_8442132195297071304_n-1024x684.jpg 1024w, https:\/\/dafgorliczyna.pl\/wp-content\/uploads\/2023\/07\/355651578_837233754632366_8442132195297071304_n-300x200.jpg 300w, https:\/\/dafgorliczyna.pl\/wp-content\/uploads\/2023\/07\/355651578_837233754632366_8442132195297071304_n-768x513.jpg 768w, https:\/\/dafgorliczyna.pl\/wp-content\/uploads\/2023\/07\/355651578_837233754632366_8442132195297071304_n-1536x1025.jpg 1536w, https:\/\/dafgorliczyna.pl\/wp-content\/uploads\/2023\/07\/355651578_837233754632366_8442132195297071304_n.jpg 1600w\" sizes=\"(max-width: 494px) 100vw, 494px\" \/><\/p>\r\n<p><strong>Imi\u0119:<\/strong> Krzysztof<\/p>\r\n<p>\r\n\r\n<\/p>\r\n<p><strong>Nazwisko:<\/strong> Weres<\/p>\r\n<p>\r\n\r\n<\/p>\r\n<p><strong>Wiek:<\/strong>\u00a0<\/p>\r\n<p><strong>Poprzednie kluby w kt\u00f3rych gra\u0142em:\u00a0<\/strong><\/p>\r\n<p>\r\n\r\n<\/p>\r\n<p><strong>Poprzednie kluby jako trener:<\/strong>\u00a0<\/p>\r\n<p>\r\n\r\n<\/p>\r\n<p><strong>Grupa : Seniorzy<\/strong><\/p>\r\n<p><strong>Uprawnienia: <\/strong>Licencja UEFA B\u00a0<\/p>\r\n<p><\/p>","protected":false},"excerpt":{"rendered":"<p>Trener DAF Gorliczyna Grupa Skrzat\/\u017bak Imi\u0119: \u0141ukasz Nazwisko: Kaniuch Wiek: 42 lata Poprzednie kluby w kt\u00f3rych gra\u0142em: \u017buraw \u017burawiczki , Promyk Urzejowice Poprzednie kluby jakie trenowa\u0142em: \u017buraw \u017burawiczki (trampkarze, juniorzy [&hellip;]<\/p>\n","protected":false},"author":1,"featured_media":0,"parent":0,"menu_order":0,"comment_status":"closed","ping_status":"closed","template":"","meta":{"footnotes":""},"class_list":["post-115","page","type-page","status-publish","hentry"],"_links":{"self":[{"href":"https:\/\/dafgorliczyna.pl\/index.php\/wp-json\/wp\/v2\/pages\/115","targetHints":{"allow":["GET"]}}],"collection":[{"href":"https:\/\/dafgorliczyna.pl\/index.php\/wp-json\/wp\/v2\/pages"}],"about":[{"href":"https:\/\/dafgorliczyna.pl\/index.php\/wp-json\/wp\/v2\/types\/page"}],"author":[{"embeddable":true,"href":"https:\/\/dafgorliczyna.pl\/index.php\/wp-json\/wp\/v2\/users\/1"}],"replies":[{"embeddable":true,"href":"https:\/\/dafgorliczyna.pl\/index.php\/wp-json\/wp\/v2\/comments?post=115"}],"version-history":[{"count":0,"href":"https:\/\/dafgorliczyna.pl\/index.php\/wp-json\/wp\/v2\/pages\/115\/revisions"}],"wp:attachment":[{"href":"https:\/\/dafgorliczyna.pl\/index.php\/wp-json\/wp\/v2\/media?parent=115"}],"curies":[{"name":"wp","href":"https:\/\/api.w.org\/{rel}","templated":true}]}}